{"id":4382,"date":"2022-11-23T16:12:58","date_gmt":"2022-11-23T15:12:58","guid":{"rendered":"https:\/\/oplusu.de\/orthopaedie-unfallchirurgie-erkrath\/?page_id=4382"},"modified":"2023-06-15T12:51:26","modified_gmt":"2023-06-15T10:51:26","slug":"diagnostik","status":"publish","type":"page","link":"https:\/\/oplusu.de\/orthopaedie-unfallchirurgie-erkrath\/diagnostik\/","title":{"rendered":"Diagnostik"},"content":{"rendered":"<section class=\"wpb-content-wrapper\"><p>[vc_row][vc_column]<h3 class=\"box-header page-margin-top-section\">Eine gr\u00fcndliche Diagnose ist der Anfang einer guten Therapie<\/h3>[vc_column_text el_class=&#8220;large margin-top-10&#8243;]<strong>O+U<\/strong> setzt auf eine schonenende Diagnostik. Wir nutzen ein breites Feld an Diagnoseverfahren, die so aufeinander abgestimmt sind, dass Ihre Beschwerden immer als Ganzes erfasst werden. Hier einige ausgew\u00e4hlte Beispiele:[\/vc_column_text][\/vc_column][vc_column][\/vc_column][\/vc_row][vc_row top_margin=&#8220;page-margin-top&#8220; el_position=&#8220;first last&#8220;][vc_column top_margin=&#8220;&#8220;][vc_tabs el_position=&#8220;first last&#8220;][vc_tab title=&#8220;4D-Bewegungsanalyse&#8220; tab_id=&#8220;features&#8220;][vc_row_inner top_margin=&#8220;page-margin-top&#8220;][vc_column_inner width=&#8220;1\/2&#8243; top_margin=&#8220;none&#8220;]<h3 class=\"box-header\">4D-Bewegungsanalyse<\/h3>[vc_column_text]Das ber\u00fchrungslose Messverfahren <strong>4D-Motion<\/strong> wurde unter der Beteiligung f\u00fchrender europ\u00e4ischer Universit\u00e4ten entwickelt.<\/p>\n<p>Das Ziel: Ein <strong>strahlenfreies<\/strong> und <strong>dynamisches Messverfahren<\/strong>, um eine optimale Wirbels\u00e4ulen- und Haltungsanalyse zu erm\u00f6glichen.<\/p>\n<p>Das System vermisst die Wirbels\u00e4ule, die Beinachsen und den Fu\u00dfdruck in Bewegung. Daf\u00fcr wird der Patient auf einem Laufband mit \u00fcber 10.000 Messpunkten und bis zu 50 Bildern pro Sekunde aufgenommen. Anschlie\u00dfend erh\u00e4lt er eine exakte Analyse und Vorschl\u00e4ge f\u00fcr therapeutische Ma\u00dfnahmen oder eine individuelle Trainingstherapie.[\/vc_column_text][\/vc_column_inner][vc_column_inner width=&#8220;1\/2&#8243; top_margin=&#8220;none&#8220;][vc_single_image image=&#8220;4578&#8243; img_size=&#8220;full&#8220;][\/vc_column_inner][\/vc_row_inner][\/vc_tab][vc_tab title=&#8220;Digitales R\u00f6ntgen&#8220; tab_id=&#8220;1669207358878-11-0&#8243;][vc_row_inner top_margin=&#8220;page-margin-top&#8220;][vc_column_inner width=&#8220;1\/2&#8243; top_margin=&#8220;none&#8220;]<h3 class=\"box-header\">Digitales R\u00f6ntgen<\/h3>[vc_column_text]<strong>O+U<\/strong> setzt auf die schnelle, pr\u00e4zise und umweltschonende volldigitale R\u00f6ntgentechnologie. Das hat f\u00fcr Sie als Patient eine Menge Vorteile: Digitale R\u00f6ntgenbilder stehen <strong>sofort zur Verf\u00fcgung<\/strong>. <strong>Nachbearbeitungen<\/strong>, <strong>Kontrastoptimierungen<\/strong> und das <strong>digitale Vergr\u00f6\u00dfern<\/strong> auff\u00e4lliger R\u00f6ntgenbefunde sind problemlos am Computer m\u00f6glich. Gleichzeitig ist die Strahlenbelastung im Vergleich zum herk\u00f6mmlichen Verfahren deutlich reduziert. Bei O+U werden alle R\u00f6ntgenaufnahmen mit modernster Digitaltechnologie durchgef\u00fchrt.[\/vc_column_text][\/vc_column_inner][vc_column_inner width=&#8220;1\/2&#8243; top_margin=&#8220;none&#8220;][vc_single_image image=&#8220;4584&#8243; img_size=&#8220;full&#8220;][\/vc_column_inner][\/vc_row_inner][\/vc_tab][vc_tab title=&#8220;Digitaler Volumentomograph&#8220; tab_id=&#8220;1669206524437-5-6&#8243;][vc_row_inner top_margin=&#8220;page-margin-top&#8220;][vc_column_inner width=&#8220;1\/2&#8243; top_margin=&#8220;none&#8220;]<h3 class=\"box-header\">Digitaler Volumentomograph<\/h3>[vc_column_text]Der digitale Volumentomograph (DVT) fertigt <strong>dreidimensionale R\u00f6ntgenaufnahmen<\/strong> f\u00fcr <strong>Kopf<\/strong>, <strong>Arme<\/strong> und <strong>Beine<\/strong> innerhalb von wenigen Sekunden an. Hierbei profitieren Patienten vor allem von der umittelbaren Verf\u00fcgbarkeit in der Praxis und einer erheblich <strong>reduzierten Strahlenbelastung<\/strong> im Vergleich zu einem herk\u00f6mmlichen CT. Das DVT kann direkt durch <strong>Dr. Brankamp<\/strong> in der Praxis angewendet werden. Das f\u00fchrt zu einer schnellen Befundung und anschlie\u00dfender Therapieplanung. Ein weiterer Vorteil ist die ganzheitliche Behandlung des Patienten durch einen Arzt des Vertrauens. Dieser kann<strong> ohne Zeitverz\u00f6gerung<\/strong> Unklarheiten selbst untersuchen. Da alles vor Ort geschieht, kommt der Patient stressfrei durch die Behandlung, die sich sonst \u00fcber mehrere Tage und Wochen ziehen w\u00fcrde. Durch ein DVT werden \u00dcberweisungen sowie lange Wartezeiten und Folgetermine in anderen Praxen direkt vermieden.[\/vc_column_text][\/vc_column_inner][vc_column_inner width=&#8220;1\/2&#8243;][vc_single_image image=&#8220;4326&#8243; img_size=&#8220;full&#8220;][\/vc_column_inner][\/vc_row_inner][\/vc_tab][vc_tab title=&#8220;Hochaufl\u00f6sendes Ultraschall&#8220; tab_id=&#8220;1669205717976-1-0&#8243;][vc_row_inner top_margin=&#8220;page-margin-top&#8220;][vc_column_inner width=&#8220;1\/2&#8243; top_margin=&#8220;none&#8220;]<h3 class=\"box-header\">Hochaufl\u00f6sendes Ultraschall<\/h3>[vc_column_text]Durch eine Ultraschall-Untrsuchung (Sonographie) k\u00f6nnen in der Orthop\u00e4die vor allem <strong>Gelenke<\/strong> und <strong>Weichteile<\/strong> wie Sehnen, <strong>Muskeln<\/strong> oder <strong>Schleimbeutel<\/strong> untersucht werden. O+U verf\u00fcgt \u00fcber modernste Ultraschalltechnologie.<\/p>\n<p>Der gro\u00dfe Vorteil der Sonographie besteht darin, dass die Untersuchung auch in Bewegung stattfinden kann und so wertvolle Informationen \u00fcber Abl\u00e4ufe im K\u00f6rper liefern kann. Ultraschall wird in der Orthop\u00e4die bereits seit mehr als drei Jahrzehnten eingesetzt und z\u00e4hlt zu den weltweit h\u00e4ufigsten Untersuchungsmethoden. Die Untersuchung erfolgt in unserem modernen Ultraschallraum. Sie ist schmerzlos und nebenwirkungsfrei.<\/p>\n<p>[\/vc_column_text][\/vc_column_inner][vc_column_inner width=&#8220;1\/2&#8243;][vc_single_image image=&#8220;4216&#8243; img_size=&#8220;full&#8220;][\/vc_column_inner][\/vc_row_inner][\/vc_tab][vc_tab title=&#8220;Fu\u00dfdruckmessung&#8220; tab_id=&#8220;1669206241587-3-3&#8243;][vc_row_inner top_margin=&#8220;page-margin-top&#8220;][vc_column_inner width=&#8220;1\/2&#8243; top_margin=&#8220;none&#8220;]<h3 class=\"box-header\">Fu\u00dfdruckmessung<\/h3>[vc_column_text]Laut aktuellen Studien leiden rund zwei Drittel aller Menschen in der westlichen Welt unter verschiedensten <strong>Fu\u00dfdeformit\u00e4ten<\/strong>. Das kann auch in anderen K\u00f6rperregionen wie Knie, H\u00fcfte oder Wirbels\u00e4ule Schmerzen verursachen. Bei der <strong>dynamischen Fu\u00dfdruckmessung<\/strong> wird anhand eines neuartigen Verfahrens sowohl der <strong>Abrollvorgang<\/strong> als auch die <strong>Belastung<\/strong> des Fu\u00dfes im Stand gemessen und visualisiert. Diese Daten bilden die Grundlage f\u00fcr eine optimale Therapie bei Fehlstellungen.[\/vc_column_text][\/vc_column_inner][vc_column_inner width=&#8220;1\/2&#8243;][vc_single_image image=&#8220;4580&#8243; img_size=&#8220;full&#8220;][\/vc_column_inner][\/vc_row_inner][\/vc_tab][\/vc_tabs][\/vc_column][\/vc_row]<\/p>\n<\/section>","protected":false},"excerpt":{"rendered":"<p>[vc_row][vc_column][vc_column_text el_class=&#8220;large margin-top-10&#8243;]O+U setzt auf eine schonenende Diagnostik. Wir nutzen ein breites Feld an Diagnoseverfahren, die so aufeinander abgestimmt sind, dass Ihre Beschwerden immer als Ganzes erfasst werden. Hier einige ausgew\u00e4hlte Beispiele:[\/vc_column_text][\/vc_column][vc_column][\/vc_column][\/vc_row][vc_row top_margin=&#8220;page-margin-top&#8220; el_position=&#8220;first last&#8220;][vc_column top_margin=&#8220;&#8220;][vc_tabs el_position=&#8220;first last&#8220;][vc_tab title=&#8220;4D-Bewegungsanalyse&#8220; tab_id=&#8220;features&#8220;][vc_row_inner top_margin=&#8220;page-margin-top&#8220;][vc_column_inner width=&#8220;1\/2&#8243; top_margin=&#8220;none&#8220;][vc_column_text]Das ber\u00fchrungslose Messverfahren 4D-Motion wurde unter der Beteiligung f\u00fchrender europ\u00e4ischer Universit\u00e4ten entwickelt. Das<\/p>\n","protected":false},"author":2,"featured_media":0,"parent":0,"menu_order":0,"comment_status":"open","ping_status":"open","template":"","meta":{"footnotes":""},"class_list":["post-4382","page","type-page","status-publish","hentry"],"_links":{"self":[{"href":"https:\/\/oplusu.de\/orthopaedie-unfallchirurgie-erkrath\/wp-json\/wp\/v2\/pages\/4382","targetHints":{"allow":["GET"]}}],"collection":[{"href":"https:\/\/oplusu.de\/orthopaedie-unfallchirurgie-erkrath\/wp-json\/wp\/v2\/pages"}],"about":[{"href":"https:\/\/oplusu.de\/orthopaedie-unfallchirurgie-erkrath\/wp-json\/wp\/v2\/types\/page"}],"author":[{"embeddable":true,"href":"https:\/\/oplusu.de\/orthopaedie-unfallchirurgie-erkrath\/wp-json\/wp\/v2\/users\/2"}],"replies":[{"embeddable":true,"href":"https:\/\/oplusu.de\/orthopaedie-unfallchirurgie-erkrath\/wp-json\/wp\/v2\/comments?post=4382"}],"version-history":[{"count":15,"href":"https:\/\/oplusu.de\/orthopaedie-unfallchirurgie-erkrath\/wp-json\/wp\/v2\/pages\/4382\/revisions"}],"predecessor-version":[{"id":4608,"href":"https:\/\/oplusu.de\/orthopaedie-unfallchirurgie-erkrath\/wp-json\/wp\/v2\/pages\/4382\/revisions\/4608"}],"wp:attachment":[{"href":"https:\/\/oplusu.de\/orthopaedie-unfallchirurgie-erkrath\/wp-json\/wp\/v2\/media?parent=4382"}],"curies":[{"name":"wp","href":"https:\/\/api.w.org\/{rel}","templated":true}]}}